{"id":51,"date":"2019-05-05T16:42:29","date_gmt":"2019-05-05T14:42:29","guid":{"rendered":"https:\/\/marcmandel.fr\/?page_id=51"},"modified":"2019-05-05T16:42:29","modified_gmt":"2019-05-05T14:42:29","slug":"bonjour-a-tous","status":"publish","type":"page","link":"https:\/\/marcmandel.fr\/","title":{"rendered":"Bonjour \u00e0 tous"},"content":{"rendered":"\n<p>J&rsquo;ai r\u00e9uni sur ce site le fruit de mon travail depuis pr\u00e8s d&rsquo;une cinquantaine d&rsquo;ann\u00e9es.<\/p>\n\n\n\n<p>J&rsquo;esp\u00e8re que certaines musiques vous toucheront et que certaines chansons vous feront passer un bon moment. <\/p>\n\n\n\n<p>N&rsquo;h\u00e9sitez pas \u00e0 me faire part de votre ressenti .<\/p>\n\n\n\n<p>Bonne \u00e9coute<\/p>\n\n\n\n<p><\/p>\n","protected":false},"excerpt":{"rendered":"<p>J&rsquo;ai r\u00e9uni sur ce site le fruit de mon travail depuis pr\u00e8s d&rsquo;une cinquantaine d&rsquo;ann\u00e9es. J&rsquo;esp\u00e8re que certaines musiques vous toucheront et que certaines chansons vous feront passer un bon moment. N&rsquo;h\u00e9sitez pas \u00e0 me faire part de votre ressenti . Bonne \u00e9coute<\/p>\n","protected":false},"author":1,"featured_media":0,"parent":0,"menu_order":0,"comment_status":"closed","ping_status":"closed","template":"","meta":[],"_links":{"self":[{"href":"https:\/\/marcmandel.fr\/index.php\/wp-json\/wp\/v2\/pages\/51"}],"collection":[{"href":"https:\/\/marcmandel.fr\/index.php\/wp-json\/wp\/v2\/pages"}],"about":[{"href":"https:\/\/marcmandel.fr\/index.php\/wp-json\/wp\/v2\/types\/page"}],"author":[{"embeddable":true,"href":"https:\/\/marcmandel.fr\/index.php\/wp-json\/wp\/v2\/users\/1"}],"replies":[{"embeddable":true,"href":"https:\/\/marcmandel.fr\/index.php\/wp-json\/wp\/v2\/comments?post=51"}],"version-history":[{"count":1,"href":"https:\/\/marcmandel.fr\/index.php\/wp-json\/wp\/v2\/pages\/51\/revisions"}],"predecessor-version":[{"id":53,"href":"https:\/\/marcmandel.fr\/index.php\/wp-json\/wp\/v2\/pages\/51\/revisions\/53"}],"wp:attachment":[{"href":"https:\/\/marcmandel.fr\/index.php\/wp-json\/wp\/v2\/media?parent=51"}],"curies":[{"name":"wp","href":"https:\/\/api.w.org\/{rel}","templated":true}]}}