{"id":186,"date":"2019-05-06T17:32:03","date_gmt":"2019-05-06T15:32:03","guid":{"rendered":"https:\/\/marcmandel.fr\/?page_id=186"},"modified":"2019-05-06T23:16:58","modified_gmt":"2019-05-06T21:16:58","slug":"sonneries-de-chasse","status":"publish","type":"page","link":"https:\/\/marcmandel.fr\/index.php\/sonneries-de-chasse\/","title":{"rendered":"Sonneries de chasse"},"content":{"rendered":"\n<div class=\"wp-block-media-text alignwide\" style=\"grid-template-columns:66% auto\"><figure class=\"wp-block-media-text__media\"><img loading=\"lazy\" width=\"344\" height=\"340\" src=\"https:\/\/marcmandel.fr\/wp-content\/uploads\/2019\/05\/Invitation-a-la-chasse.jpg\" alt=\"\" class=\"wp-image-28\" srcset=\"https:\/\/marcmandel.fr\/wp-content\/uploads\/2019\/05\/Invitation-a-la-chasse.jpg 344w, https:\/\/marcmandel.fr\/wp-content\/uploads\/2019\/05\/Invitation-a-la-chasse-300x297.jpg 300w, https:\/\/marcmandel.fr\/wp-content\/uploads\/2019\/05\/Invitation-a-la-chasse-100x100.jpg 100w\" sizes=\"(max-width: 344px) 100vw, 344px\" \/><\/figure><div class=\"wp-block-media-text__content\">\n<p style=\"text-align:left\">Invitation \u00e0 la chasse 1 <\/p>\n\n\n\n<p>Invitation \u00e0 la chasse 2 <\/p>\n\n\n\n<p>Invitation \u00e0 la chasse 3<br><\/p>\n\n\n\n<p>Invitation \u00e0 la chasse 4  <\/p>\n\n\n\n<p>Invitation \u00e0 la chasse 5 <br><\/p>\n\n\n\n<p>Invitation \u00e0 la chasse 6 <br><\/p>\n<\/div><\/div>\n\n\n\n<h2><\/h2>\n\n\n\n<p> <\/p>\n\n\n\n<figure class=\"wp-block-embed-youtube wp-block-embed is-type-video is-provider-youtube wp-embed-aspect-16-9 wp-has-aspect-ratio\"><div class=\"wp-block-embed__wrapper\">\n<div class='embed-container'><iframe loading=\"lazy\" width=\"1920\" height=\"1080\" src=\"https:\/\/www.youtube.com\/embed\/videoseries?list=PLqJp-SstYhNHyKfaBTCHzEk2DWsz5fLMw\" frameborder=\"0\" allow=\"accelerometer; autoplay; encrypted-media; gyroscope; picture-in-picture\" allowfullscreen><\/iframe><\/div>\n<\/div><\/figure>\n","protected":false},"excerpt":{"rendered":"<p>Invitation \u00e0 la chasse 1 Invitation \u00e0 la chasse 2 Invitation \u00e0 la chasse 3 Invitation \u00e0 la chasse 4 Invitation \u00e0 la chasse 5 Invitation \u00e0 la chasse 6<\/p>\n","protected":false},"author":1,"featured_media":0,"parent":0,"menu_order":0,"comment_status":"closed","ping_status":"closed","template":"","meta":[],"_links":{"self":[{"href":"https:\/\/marcmandel.fr\/index.php\/wp-json\/wp\/v2\/pages\/186"}],"collection":[{"href":"https:\/\/marcmandel.fr\/index.php\/wp-json\/wp\/v2\/pages"}],"about":[{"href":"https:\/\/marcmandel.fr\/index.php\/wp-json\/wp\/v2\/types\/page"}],"author":[{"embeddable":true,"href":"https:\/\/marcmandel.fr\/index.php\/wp-json\/wp\/v2\/users\/1"}],"replies":[{"embeddable":true,"href":"https:\/\/marcmandel.fr\/index.php\/wp-json\/wp\/v2\/comments?post=186"}],"version-history":[{"count":3,"href":"https:\/\/marcmandel.fr\/index.php\/wp-json\/wp\/v2\/pages\/186\/revisions"}],"predecessor-version":[{"id":227,"href":"https:\/\/marcmandel.fr\/index.php\/wp-json\/wp\/v2\/pages\/186\/revisions\/227"}],"wp:attachment":[{"href":"https:\/\/marcmandel.fr\/index.php\/wp-json\/wp\/v2\/media?parent=186"}],"curies":[{"name":"wp","href":"https:\/\/api.w.org\/{rel}","templated":true}]}}